{"id":6623,"date":"2024-02-12T14:27:43","date_gmt":"2024-02-12T11:27:43","guid":{"rendered":"https:\/\/eliif.com.pl\/index.php\/product\/wycieraczka-polokragla-pod-drzwi-czarny-welcome\/"},"modified":"2024-02-12T14:27:44","modified_gmt":"2024-02-12T11:27:44","slug":"wycieraczka-polokragla-pod-drzwi-czarny-welcome","status":"publish","type":"product","link":"https:\/\/eliif.com.pl\/index.php\/product\/wycieraczka-polokragla-pod-drzwi-czarny-welcome\/","title":{"rendered":"Wycieraczka p\u00f3\u0142okr\u0105g\u0142a pod drzwi czarny welcome"},"content":{"rendered":"","protected":false},"excerpt":{"rendered":"","protected":false},"featured_media":6621,"comment_status":"open","ping_status":"closed","template":"","meta":[],"product_brand":[],"product_cat":[15],"product_tag":[],"class_list":{"0":"post-6623","1":"product","2":"type-product","3":"status-publish","4":"has-post-thumbnail","6":"product_cat-uncategorized","8":"first","9":"instock","10":"shipping-taxable","11":"purchasable","12":"product-type-simple"},"jetpack_sharing_enabled":true,"_links":{"self":[{"href":"https:\/\/eliif.com.pl\/index.php\/wp-json\/wp\/v2\/product\/6623","targetHints":{"allow":["GET"]}}],"collection":[{"href":"https:\/\/eliif.com.pl\/index.php\/wp-json\/wp\/v2\/product"}],"about":[{"href":"https:\/\/eliif.com.pl\/index.php\/wp-json\/wp\/v2\/types\/product"}],"replies":[{"embeddable":true,"href":"https:\/\/eliif.com.pl\/index.php\/wp-json\/wp\/v2\/comments?post=6623"}],"wp:featuredmedia":[{"embeddable":true,"href":"https:\/\/eliif.com.pl\/index.php\/wp-json\/wp\/v2\/media\/6621"}],"wp:attachment":[{"href":"https:\/\/eliif.com.pl\/index.php\/wp-json\/wp\/v2\/media?parent=6623"}],"wp:term":[{"taxonomy":"product_brand","embeddable":true,"href":"https:\/\/eliif.com.pl\/index.php\/wp-json\/wp\/v2\/product_brand?post=6623"},{"taxonomy":"product_cat","embeddable":true,"href":"https:\/\/eliif.com.pl\/index.php\/wp-json\/wp\/v2\/product_cat?post=6623"},{"taxonomy":"product_tag","embeddable":true,"href":"https:\/\/eliif.com.pl\/index.php\/wp-json\/wp\/v2\/product_tag?post=6623"}],"curies":[{"name":"wp","href":"https:\/\/api.w.org\/{rel}","templated":true}]}}