{"id":6469,"date":"2024-02-12T14:17:42","date_gmt":"2024-02-12T11:17:42","guid":{"rendered":"https:\/\/eliif.com.pl\/index.php\/product\/dywaniki-lazienkowe-komplet-lazienkowy-bezowy\/"},"modified":"2024-02-12T14:17:43","modified_gmt":"2024-02-12T11:17:43","slug":"dywaniki-lazienkowe-komplet-lazienkowy-bezowy","status":"publish","type":"product","link":"https:\/\/eliif.com.pl\/index.php\/product\/dywaniki-lazienkowe-komplet-lazienkowy-bezowy\/","title":{"rendered":"Dywaniki \u0142azienkowe &#8211; Komplet \u0142azienkowy &#8211; Be\u017cowy"},"content":{"rendered":"","protected":false},"excerpt":{"rendered":"","protected":false},"featured_media":6468,"comment_status":"open","ping_status":"closed","template":"","meta":[],"product_brand":[],"product_cat":[15],"product_tag":[],"class_list":{"0":"post-6469","1":"product","2":"type-product","3":"status-publish","4":"has-post-thumbnail","6":"product_cat-uncategorized","8":"first","9":"instock","10":"shipping-taxable","11":"purchasable","12":"product-type-simple"},"jetpack_sharing_enabled":true,"_links":{"self":[{"href":"https:\/\/eliif.com.pl\/index.php\/wp-json\/wp\/v2\/product\/6469","targetHints":{"allow":["GET"]}}],"collection":[{"href":"https:\/\/eliif.com.pl\/index.php\/wp-json\/wp\/v2\/product"}],"about":[{"href":"https:\/\/eliif.com.pl\/index.php\/wp-json\/wp\/v2\/types\/product"}],"replies":[{"embeddable":true,"href":"https:\/\/eliif.com.pl\/index.php\/wp-json\/wp\/v2\/comments?post=6469"}],"wp:featuredmedia":[{"embeddable":true,"href":"https:\/\/eliif.com.pl\/index.php\/wp-json\/wp\/v2\/media\/6468"}],"wp:attachment":[{"href":"https:\/\/eliif.com.pl\/index.php\/wp-json\/wp\/v2\/media?parent=6469"}],"wp:term":[{"taxonomy":"product_brand","embeddable":true,"href":"https:\/\/eliif.com.pl\/index.php\/wp-json\/wp\/v2\/product_brand?post=6469"},{"taxonomy":"product_cat","embeddable":true,"href":"https:\/\/eliif.com.pl\/index.php\/wp-json\/wp\/v2\/product_cat?post=6469"},{"taxonomy":"product_tag","embeddable":true,"href":"https:\/\/eliif.com.pl\/index.php\/wp-json\/wp\/v2\/product_tag?post=6469"}],"curies":[{"name":"wp","href":"https:\/\/api.w.org\/{rel}","templated":true}]}}